{"id":226892,"date":"2018-06-06T11:12:13","date_gmt":"2018-06-06T08:12:13","guid":{"rendered":"https:\/\/paintballkeskus.fi\/reservations\/"},"modified":"2026-02-16T17:42:49","modified_gmt":"2026-02-16T15:42:49","slug":"reservations","status":"publish","type":"page","link":"https:\/\/paintballkeskus.fi\/en\/reservations\/","title":{"rendered":"RESERVATIONS"},"content":{"rendered":"<p>[et_pb_section fb_built=&#8221;1&#8243; custom_padding_last_edited=&#8221;on|desktop&#8221; admin_label=&#8221;About Section&#8221; _builder_version=&#8221;4.16&#8243; use_background_color_gradient=&#8221;on&#8221; background_color_gradient_type=&#8221;circular&#8221; background_color_gradient_direction_radial=&#8221;top left&#8221; background_color_gradient_stops=&#8221;#2b303a 10%|rgba(43,48,58,0.37) 100%&#8221; background_color_gradient_overlays_image=&#8221;on&#8221; background_color_gradient_start=&#8221;#2b303a&#8221; background_color_gradient_start_position=&#8221;10%&#8221; background_color_gradient_end=&#8221;rgba(43,48,58,0.37)&#8221; background_image=&#8221;https:\/\/paintballkeskus.fi\/wp-content\/uploads\/2018\/06\/Sissosarena-pelaajia.jpg&#8221; module_alignment=&#8221;right&#8221; custom_margin=&#8221;0px|0px|0px|0px|true|true&#8221; custom_margin_tablet=&#8221;0px|0px|0px|0px|true|true&#8221; custom_margin_phone=&#8221;&#8221; custom_margin_last_edited=&#8221;on|desktop&#8221; custom_padding=&#8221;0||0|0|true|false&#8221; custom_padding_tablet=&#8221;|||0px&#8221; custom_padding_phone=&#8221;120px||120px||true&#8221; global_colors_info=&#8221;{}&#8221;][et_pb_row admin_label=&#8221;About Area&#8221; _builder_version=&#8221;4.16&#8243; custom_padding=&#8221;27px|0px|0|0px|false|false&#8221; hover_enabled=&#8221;0&#8243; locked=&#8221;off&#8221; global_colors_info=&#8221;{}&#8221; sticky_enabled=&#8221;0&#8243;][et_pb_column type=&#8221;4_4&#8243; _builder_version=&#8221;4.16&#8243; custom_padding=&#8221;|||&#8221; global_colors_info=&#8221;{}&#8221; custom_padding__hover=&#8221;|||&#8221;][et_pb_text admin_label=&#8221;Title&#8221; _builder_version=&#8221;4.16&#8243; text_font=&#8221;||||||||&#8221; header_font=&#8221;||||||||&#8221; header_2_font=&#8221;Bungee||||||||&#8221; header_2_font_size=&#8221;48px&#8221; header_2_line_height=&#8221;1.4em&#8221; background_layout=&#8221;dark&#8221; custom_margin=&#8221;|||-40px&#8221; custom_margin_tablet=&#8221;&#8221; custom_margin_phone=&#8221;|||0px&#8221; custom_margin_last_edited=&#8221;on|phone&#8221; custom_padding=&#8221;|||30px&#8221; animation_style=&#8221;fold&#8221; animation_direction=&#8221;left&#8221; animation_intensity_fold=&#8221;5%&#8221; animation_starting_opacity=&#8221;100%&#8221; hover_enabled=&#8221;0&#8243; header_2_font_size_tablet=&#8221;30px&#8221; header_2_font_size_phone=&#8221;&#8221; header_2_font_size_last_edited=&#8221;on|tablet&#8221; border_width_left=&#8221;10px&#8221; border_color_left=&#8221;#ffff01&#8243; global_colors_info=&#8221;{}&#8221; sticky_enabled=&#8221;0&#8243;]<\/p>\n<h2><span>fill out the contact form or call our customer service AND BOOK YOUR EVENT<\/span><\/h2>\n<p><span style=\"font-size: large;\">If you want to book a game event on short notice, please contact us directly by phone at 09-6899 8989.<\/span><br \/> <span style=\"font-size: large;\"><\/span><\/p>\n<p><span style=\"font-size: large;\">Please note that a reservation is official only after we have confirmed it to you by email or phone. If your desired time is not available, we will contact you in any case. <\/span><\/p>\n<p>[\/et_pb_text][et_pb_code _builder_version=&#8221;4.16&#8243; global_colors_info=&#8221;{}&#8221;]<div class=\"caldera-grid\" id=\"caldera_form_1\" data-cf-ver=\"1.9.7\" data-cf-form-id=\"CF5c08ce65c5a55\"><div id=\"caldera_notices_1\" data-spinner=\"https:\/\/paintballkeskus.fi\/wp-admin\/images\/spinner.gif\"><\/div><form data-instance=\"1\" class=\"CF5c08ce65c5a55 caldera_forms_form cfajax-trigger\" method=\"POST\" enctype=\"multipart\/form-data\" id=\"CF5c08ce65c5a55_1\" data-form-id=\"CF5c08ce65c5a55\" aria-label=\"Varaus\" data-target=\"#caldera_notices_1\" data-template=\"#cfajax_CF5c08ce65c5a55-tmpl\" data-cfajax=\"CF5c08ce65c5a55\" data-load-element=\"_parent\" data-load-class=\"cf_processing\" data-post-disable=\"0\" data-action=\"cf_process_ajax_submit\" data-request=\"https:\/\/paintballkeskus.fi\/en\/\/cf-api\/CF5c08ce65c5a55\" data-hiderows=\"true\">\r\n<input type=\"hidden\" id=\"_cf_verify_CF5c08ce65c5a55\" name=\"_cf_verify\" value=\"9f48813d26\"  data-nonce-time=\"1776198672\" \/><input type=\"hidden\" name=\"_wp_http_referer\" value=\"\/en\/wp-json\/wp\/v2\/pages\/226892\" \/><div id=\"cf2-CF5c08ce65c5a55_1\"><\/div><input type=\"hidden\" name=\"_cf_frm_id\" value=\"CF5c08ce65c5a55\">\r\n<input type=\"hidden\" name=\"_cf_frm_ct\" value=\"1\">\r\n<input type=\"hidden\" name=\"cfajax\" value=\"CF5c08ce65c5a55\">\r\n<input type=\"hidden\" name=\"_cf_cr_pst\" value=\"226892\">\r\n<div class=\"hide\" style=\"display:none; overflow:hidden;height:0;width:0;\">\r\n<label>Company<\/label><input type=\"text\" name=\"company\" value=\"\" autocomplete=\"off\">\r\n<\/div><div id=\"CF5c08ce65c5a55_1-row-1\"  class=\"row  first_row\"><div  class=\"col-sm-12  single\"><div data-field-wrapper=\"fld_9655155\" class=\"form-group\" id=\"fld_9655155_1-wrap\">\r\n\t<label id=\"fld_9655155Label\" for=\"fld_9655155_1\" class=\"control-label\">Valitse tapahtuma \/ pelikentt\u00e4 <span aria-hidden=\"true\" role=\"presentation\" class=\"field_required\" style=\"color:#ee0000;\">*<\/span><\/label>\r\n\t<div class=\"\">\r\n\t\t\t\t\t\t\t\t\t\t\t<div class=\"checkbox\">\n\t\t\t\t\n                <label                         for=\"fld_9655155_1_opt1765529\"\n                >\n                            <input\n                                data-parsley-required=\"true\" data-parsley-group=\"fld_9655155_1\" data-parsley-multiple=\"fld_9655155_1\"                                type=\"checkbox\"\n                                data-label=\"Paintballkeskus - Juvanmalmin satama-ulkokentt\u00e4\"\n                                data-field=\"fld_9655155\"\n                                id=\"fld_9655155_1_opt1765529\"\n                                class=\"fld_9655155_1 option-required\"\n                                name=\"fld_9655155[opt1765529]\"\n                                value=\"Paintballkeskus - Juvanmalmin satama-ulkokentt\u00e4\"\n                                                                data-type=\"checkbox\"\n                                data-checkbox-field=\"fld_9655155_1\"\n                                                                data-calc-value=\"Paintballkeskus - Juvanmalmin satama-ulkokentt\u00e4\"\n                            >\n                    Paintballkeskus - Juvanmalmin satama-ulkokentt\u00e4                <\/label>\n\n                \t\t\t\t\t<\/div>\n\t\t\t\t\t\t\t\t\t\t\t\t\t\t\t\t\t<div class=\"checkbox\">\n\t\t\t\t\n                <label                         for=\"fld_9655155_1_opt1917855\"\n                >\n                            <input\n                                data-parsley-required=\"true\" data-parsley-group=\"fld_9655155_1\" data-parsley-multiple=\"fld_9655155_1\"                                type=\"checkbox\"\n                                data-label=\"Paintballkeskus - Juvanmalmin kisakentt\u00e4\"\n                                data-field=\"fld_9655155\"\n                                id=\"fld_9655155_1_opt1917855\"\n                                class=\"fld_9655155_1 option-required\"\n                                name=\"fld_9655155[opt1917855]\"\n                                value=\"Paintballkeskus - Juvanmalmin kisakentt\u00e4\"\n                                                                data-type=\"checkbox\"\n                                data-checkbox-field=\"fld_9655155_1\"\n                                                                data-calc-value=\"Paintballkeskus - Juvanmalmin Sup&#039;air kisakentt\u00e4\"\n                            >\n                    Paintballkeskus - Juvanmalmin kisakentt\u00e4                <\/label>\n\n                \t\t\t\t\t<\/div>\n\t\t\t\t\t\t\t\t\t\t\t\t\t\t\t\t\t<div class=\"checkbox\">\n\t\t\t\t\n                <label                         for=\"fld_9655155_1_opt1407410\"\n                >\n                            <input\n                                data-parsley-required=\"true\" data-parsley-group=\"fld_9655155_1\" data-parsley-multiple=\"fld_9655155_1\"                                type=\"checkbox\"\n                                data-label=\"Paintballkeskus - Juvanmalmin labyrintti-sis\u00e4kentt\u00e4\"\n                                data-field=\"fld_9655155\"\n                                id=\"fld_9655155_1_opt1407410\"\n                                class=\"fld_9655155_1 option-required\"\n                                name=\"fld_9655155[opt1407410]\"\n                                value=\"Paintballkeskus - Juvanmalmin labyrintti-sis\u00e4kentt\u00e4\"\n                                                                data-type=\"checkbox\"\n                                data-checkbox-field=\"fld_9655155_1\"\n                                                                data-calc-value=\"Paintballkeskus - Juvanmalmin labyrintti-sis\u00e4kentt\u00e4\"\n                            >\n                    Paintballkeskus - Juvanmalmin labyrintti-sis\u00e4kentt\u00e4                <\/label>\n\n                \t\t\t\t\t<\/div>\n\t\t\t\t\t\t\t\t\t\t\t\t\t\t\t\t\t<div class=\"checkbox\">\n\t\t\t\t\n                <label                         for=\"fld_9655155_1_opt1148075\"\n                >\n                            <input\n                                data-parsley-required=\"true\" data-parsley-group=\"fld_9655155_1\" data-parsley-multiple=\"fld_9655155_1\"                                type=\"checkbox\"\n                                data-label=\"Lasten syntt\u00e4rit - Juvanmalmi\"\n                                data-field=\"fld_9655155\"\n                                id=\"fld_9655155_1_opt1148075\"\n                                class=\"fld_9655155_1 option-required\"\n                                name=\"fld_9655155[opt1148075]\"\n                                value=\"Lasten syntt\u00e4rit - Juvanmalmi\"\n                                                                data-type=\"checkbox\"\n                                data-checkbox-field=\"fld_9655155_1\"\n                                                                data-calc-value=\"Lasten syntt\u00e4rit - Juvanmalmi\"\n                            >\n                    Lasten syntt\u00e4rit - Juvanmalmi                <\/label>\n\n                \t\t\t\t\t<\/div>\n\t\t\t\t\t\t\t\t\t\t\t\t\t\t\t\t\t<div class=\"checkbox\">\n\t\t\t\t\n                <label                         for=\"fld_9655155_1_opt1637302\"\n                >\n                            <input\n                                data-parsley-required=\"true\" data-parsley-group=\"fld_9655155_1\" data-parsley-multiple=\"fld_9655155_1\"                                type=\"checkbox\"\n                                data-label=\"Sissos Arena - Konalan mets\u00e4kentt\u00e4\"\n                                data-field=\"fld_9655155\"\n                                id=\"fld_9655155_1_opt1637302\"\n                                class=\"fld_9655155_1 option-required\"\n                                name=\"fld_9655155[opt1637302]\"\n                                value=\"Sissos Arena - Konalan mets\u00e4kentt\u00e4\"\n                                                                data-type=\"checkbox\"\n                                data-checkbox-field=\"fld_9655155_1\"\n                                                                data-calc-value=\"Sissos Arena - Konalan mets\u00e4kentt\u00e4\"\n                            >\n                    Sissos Arena - Konalan mets\u00e4kentt\u00e4                <\/label>\n\n                \t\t\t\t\t<\/div>\n\t\t\t\t\t\t\t\t\t\t\t<\/div>\r\n<\/div>\r\n<\/div><\/div><div id=\"CF5c08ce65c5a55_1-row-2\"  class=\"row \"><div  class=\"col-sm-4  first_col\"><div data-field-wrapper=\"fld_8768091\" class=\"form-group\" id=\"fld_8768091_1-wrap\">\r\n\t<label id=\"fld_8768091Label\" for=\"fld_8768091_1\" class=\"control-label\">Etunimi <span aria-hidden=\"true\" role=\"presentation\" class=\"field_required\" style=\"color:#ee0000;\">*<\/span><\/label>\r\n\t<div class=\"\">\r\n\t\t<input   required type=\"text\" data-field=\"fld_8768091\" class=\" form-control\" id=\"fld_8768091_1\" name=\"fld_8768091\" value=\"\" data-type=\"text\" aria-required=\"true\"   aria-labelledby=\"fld_8768091Label\" >\t\t\t<\/div>\r\n<\/div>\r\n<div data-field-wrapper=\"fld_9970286\" class=\"form-group\" id=\"fld_9970286_1-wrap\">\r\n\t<label id=\"fld_9970286Label\" for=\"fld_9970286_1\" class=\"control-label\">Sukunimi <span aria-hidden=\"true\" role=\"presentation\" class=\"field_required\" style=\"color:#ee0000;\">*<\/span><\/label>\r\n\t<div class=\"\">\r\n\t\t<input   required type=\"text\" data-field=\"fld_9970286\" class=\" form-control\" id=\"fld_9970286_1\" name=\"fld_9970286\" value=\"\" data-type=\"text\" aria-required=\"true\"   aria-labelledby=\"fld_9970286Label\" >\t\t\t<\/div>\r\n<\/div>\r\n<\/div><div  class=\"col-sm-4 \"><div data-field-wrapper=\"fld_6009157\" class=\"form-group\" id=\"fld_6009157_1-wrap\">\r\n\t<label id=\"fld_6009157Label\" for=\"fld_6009157_1\" class=\"control-label\">S\u00e4hk\u00f6posti <span aria-hidden=\"true\" role=\"presentation\" class=\"field_required\" style=\"color:#ee0000;\">*<\/span><\/label>\r\n\t<div class=\"\">\r\n\t\t<input   required type=\"email\" data-field=\"fld_6009157\" class=\" form-control\" id=\"fld_6009157_1\" name=\"fld_6009157\" value=\"\" data-type=\"email\" aria-required=\"true\"   aria-labelledby=\"fld_6009157Label\" >\t\t\t<\/div>\r\n<\/div>\r\n<div data-field-wrapper=\"fld_4701983\" class=\"form-group\" id=\"fld_4701983_1-wrap\">\r\n\t<label id=\"fld_4701983Label\" for=\"fld_4701983_1\" class=\"control-label\">Puhelinnumero <span aria-hidden=\"true\" role=\"presentation\" class=\"field_required\" style=\"color:#ee0000;\">*<\/span><\/label>\r\n\t<div class=\"\">\r\n\t\t<input   required type=\"text\" data-field=\"fld_4701983\" class=\" form-control\" id=\"fld_4701983_1\" name=\"fld_4701983\" value=\"\" data-type=\"text\" aria-required=\"true\"   aria-labelledby=\"fld_4701983Label\" >\t\t\t<\/div>\r\n<\/div>\r\n<\/div><div  class=\"col-sm-4  last_col\"><div data-field-wrapper=\"fld_9265398\" class=\"form-group\" id=\"fld_9265398_1-wrap\">\r\n\t<label id=\"fld_9265398Label\" for=\"fld_9265398_1\" class=\"control-label\">Henkil\u00f6m\u00e4\u00e4r\u00e4 (Arvio riitt\u00e4\u00e4) <span aria-hidden=\"true\" role=\"presentation\" class=\"field_required\" style=\"color:#ee0000;\">*<\/span><\/label>\r\n\t<div class=\"\">\r\n\t\t<input   required type=\"text\" data-field=\"fld_9265398\" class=\" form-control\" id=\"fld_9265398_1\" name=\"fld_9265398\" value=\"\" data-type=\"text\" aria-required=\"true\"   aria-labelledby=\"fld_9265398Label\" >\t\t\t<\/div>\r\n<\/div>\r\n<div data-field-wrapper=\"fld_7478551\" class=\"form-group\" id=\"fld_7478551_1-wrap\">\r\n\t<label id=\"fld_7478551Label\" for=\"fld_7478551_1\" class=\"control-label\">P\u00e4iv\u00e4m\u00e4\u00e4r\u00e4 ja Kellonaika<\/label>\r\n\t<div class=\"\">\r\n\t\t<input    type=\"text\" data-field=\"fld_7478551\" class=\" form-control\" id=\"fld_7478551_1\" name=\"fld_7478551\" value=\"\" data-type=\"text\"   aria-labelledby=\"fld_7478551Label\" >\t\t\t<\/div>\r\n<\/div>\r\n<\/div><\/div><div id=\"CF5c08ce65c5a55_1-row-3\"  class=\"row \"><div  class=\"col-sm-12  single\"><div data-field-wrapper=\"fld_7683514\" class=\"form-group\" id=\"fld_7683514_1-wrap\">\r\n\t<label id=\"fld_7683514Label\" for=\"fld_7683514_1\" class=\"control-label\">Muuta tiedusteluun liittyv\u00e4\u00e4 (esim. lasten syntt\u00e4reiss\u00e4 toivottu kentt\u00e4 ja asemalli)<\/label>\r\n\t<div class=\"\">\r\n\t\t<textarea name=\"fld_7683514\" value=\"\" data-field=\"fld_7683514\" class=\"form-control\" id=\"fld_7683514_1\" rows=\"7\"    aria-labelledby=\"fld_7683514Label\" ><\/textarea>\n\t\t\t<\/div>\r\n<\/div>\r\n<\/div><\/div><div id=\"CF5c08ce65c5a55_1-row-4\"  class=\"row  last_row\"><div  class=\"col-sm-12  single\"><div data-field-wrapper=\"fld_7908577\" class=\"form-group\" id=\"fld_7908577_1-wrap\">\r\n<div class=\"\">\r\n\t<input  class=\"btn btn-default\" type=\"submit\" name=\"fld_7908577\" id=\"fld_7908577_1\" value=\"L\u00e4het\u00e4\" data-field=\"fld_7908577\"  >\n<\/div>\r\n<\/div>\r\n\t<input class=\"button_trigger_1\" type=\"hidden\" name=\"fld_7908577\" id=\"fld_7908577_1_btn\" value=\"\" data-field=\"fld_7908577\"  \/>\n<\/div><\/div><\/form>\r\n<\/div>\r\n[\/et_pb_code][\/et_pb_column][\/et_pb_row][\/et_pb_section]<\/p>\n","protected":false},"excerpt":{"rendered":"<p>fill out the contact form or call our customer service AND BOOK YOUR EVENT If you want to book a game event on short notice, please contact us directly by phone at 09-6899 8989. Please note that a reservation is official only after we have confirmed it to you by email or phone. If your [&hellip;]<\/p>\n","protected":false},"author":1,"featured_media":0,"parent":0,"menu_order":0,"comment_status":"closed","ping_status":"closed","template":"","meta":{"_et_pb_use_builder":"on","_et_pb_old_content":"","_et_gb_content_width":"","om_disable_all_campaigns":false,"footnotes":""},"class_list":["post-226892","page","type-page","status-publish","hentry"],"aioseo_notices":[],"_links":{"self":[{"href":"https:\/\/paintballkeskus.fi\/en\/wp-json\/wp\/v2\/pages\/226892","targetHints":{"allow":["GET"]}}],"collection":[{"href":"https:\/\/paintballkeskus.fi\/en\/wp-json\/wp\/v2\/pages"}],"about":[{"href":"https:\/\/paintballkeskus.fi\/en\/wp-json\/wp\/v2\/types\/page"}],"author":[{"embeddable":true,"href":"https:\/\/paintballkeskus.fi\/en\/wp-json\/wp\/v2\/users\/1"}],"replies":[{"embeddable":true,"href":"https:\/\/paintballkeskus.fi\/en\/wp-json\/wp\/v2\/comments?post=226892"}],"version-history":[{"count":6,"href":"https:\/\/paintballkeskus.fi\/en\/wp-json\/wp\/v2\/pages\/226892\/revisions"}],"predecessor-version":[{"id":226902,"href":"https:\/\/paintballkeskus.fi\/en\/wp-json\/wp\/v2\/pages\/226892\/revisions\/226902"}],"wp:attachment":[{"href":"https:\/\/paintballkeskus.fi\/en\/wp-json\/wp\/v2\/media?parent=226892"}],"curies":[{"name":"wp","href":"https:\/\/api.w.org\/{rel}","templated":true}]}}